{"id":5,"date":"2011-02-20T15:55:17","date_gmt":"2011-02-20T15:55:17","guid":{"rendered":"http:\/\/newporteticket.com\/?page_id=5"},"modified":"2025-07-22T19:33:41","modified_gmt":"2025-07-22T19:33:41","slug":"home","status":"publish","type":"page","link":"https:\/\/www.newporteticket.com\/","title":{"rendered":"P\u00e1gina principal"},"content":{"rendered":"\n<p><\/p>\n\n\n<div class=\"wp-block-image\">\n<figure class=\"aligncenter size-large\"><img decoding=\"async\" loading=\"lazy\" width=\"572\" height=\"77\" src=\"https:\/\/www.newporteticket.com\/wp-content\/uploads\/2020\/05\/LOGO-TRANSP.png\" alt=\"\" class=\"wp-image-633\" srcset=\"https:\/\/www.newporteticket.com\/wp-content\/uploads\/2020\/05\/LOGO-TRANSP.png 572w, https:\/\/www.newporteticket.com\/wp-content\/uploads\/2020\/05\/LOGO-TRANSP-300x40.png 300w\" sizes=\"(max-width: 572px) 100vw, 572px\" \/><\/figure><\/div>\n\n\n<p><\/p>\n\n\n\n<p><\/p>\n\n\n<p><a href=\"https:\/\/www.newporteticket.com\/?attachment_id=616\" rel=\"attachment wp-att-616\"><img decoding=\"async\" loading=\"lazy\" class=\"wp-image-616 alignleft\" src=\"https:\/\/www.newporteticket.com\/wp-content\/uploads\/2020\/05\/8.jpg\" alt=\"\" width=\"214\" height=\"121\" srcset=\"https:\/\/www.newporteticket.com\/wp-content\/uploads\/2020\/05\/8.jpg 354w, https:\/\/www.newporteticket.com\/wp-content\/uploads\/2020\/05\/8-300x169.jpg 300w\" sizes=\"(max-width: 214px) 100vw, 214px\" \/><\/a><\/p>\n<p>&nbsp;<\/p>\n<p style=\"text-align: left;\"><span style=\"font-family: arial, helvetica, sans-serif; font-size: 14pt; color: #000000;\">A New Porte &nbsp;Travel&nbsp; oferece &nbsp;passagens a\u00e9reas&nbsp; saindo de todas as partes dos USA.&nbsp; Uma refer\u00eancia com sa\u00eddas de Orlando ou Miami para S.Paulo \/Rio s\u00f3 ida a partir de: <strong>U$315,00<\/strong> Ida volta, sa\u00eddas de Miami -Orlando ou Ft. Lauderdele ( FLL) iniciando a partir de:&nbsp; <strong>U$499,00. Nota: Regras sao aplicadas conforme datas saidas e destinos e bagagens.&nbsp;<\/strong><\/span><\/p>\n<p><a href=\"https:\/\/www.newporteticket.com\/?attachment_id=789\" rel=\"attachment wp-att-789\"><img decoding=\"async\" loading=\"lazy\" class=\"wp-image-789 alignleft\" src=\"https:\/\/www.newporteticket.com\/wp-content\/uploads\/2023\/06\/1.1B.jpg\" alt=\"\" width=\"342\" height=\"518\" srcset=\"https:\/\/www.newporteticket.com\/wp-content\/uploads\/2023\/06\/1.1B.jpg 662w, https:\/\/www.newporteticket.com\/wp-content\/uploads\/2023\/06\/1.1B-198x300.jpg 198w\" sizes=\"(max-width: 342px) 100vw, 342px\" \/><\/a><\/p>\n<p>&nbsp;<\/p>\n<p style=\"text-align: left;\"><span style=\"font-family: arial, helvetica, sans-serif; font-size: 14pt; color: #000000;\">Pre\u00e7os m\u00e9dios de baixa temporada sujeito a reajuste e disponibilidade, mudan\u00e7as s\u00e3o aplicadas nos pre\u00e7os sem aviso pr\u00e9vio devido as cias a\u00e9reas modificarem constantemente os valores das tarifas promocionais. Taxas de embarques n\u00e3o est\u00e3o inclu\u00eddas em muitos casos bem franquias de bagagens. Consulte-nos&nbsp;<\/span><\/p>\n<p style=\"text-align: left;\"><span style=\"font-family: arial, helvetica, sans-serif; font-size: 14pt; color: #000000;\"><span style=\"color: #ff0000;\">*Para maior seguran\u00e7a, recomendamos que consulte-nos pelo telefone abaixo para valores atualizados do dia da cota\u00e7\u00e3o devido as mudan\u00e7as constantes nas tarifas.<\/span><\/span><\/p>\n<p style=\"text-align: left;\"><span style=\"font-family: arial, helvetica, sans-serif; font-size: 14pt;\"><span style=\"color: #000000;\">Sa\u00eddas de Miami \/ Orlando &nbsp;\/ New York \/ Boston&nbsp;<\/span><span style=\"color: #000000;\">ida e volta para : Belo Horizonte \/Curitiba\/Florian\u00f3polis \/Vit\u00f3ria \/Bras\u00edlia \/Porto Alegre\/Salvador\/Fortaleza\/Recife, come\u00e7ando a partir de <strong>U<\/strong><strong>$599,00 <\/strong><\/span>&nbsp;<span style=\"color: #000000;\">baixa temporada dependendo do destino acima. (Consulte-nos para maiores detalhes e pre\u00e7os).<\/span><\/span><\/p>\n<p style=\"text-align: left;\"><span style=\"font-family: arial, helvetica, sans-serif; font-size: 14pt; color: #000000;\"><strong><span style=\"color: #ff0000;\">Nota:<\/span><\/strong> Todos os pre\u00e7os acima sao m\u00e9dia da baixa temporada e est\u00e3o todos sujeitos a reajuste sem aviso previo dependendo da&nbsp; disponibilidade de lugares.Tarifas v\u00e1lidas para baixa temporada. Taxas regulamentares n\u00e3o incluidas nos pre\u00e7os mencionados. <\/span><\/p>\n<p style=\"text-align: left;\"><span style=\"color: #000000; font-size: 14pt; font-family: arial, helvetica, sans-serif;\">* Temos sa\u00eddas de v\u00e1rias cidades dos USA com destino ao Brasil.&nbsp;<\/span><\/p>\n<p style=\"text-align: left;\"><span style=\"color: #000000; font-size: 14pt; font-family: arial, helvetica, sans-serif;\">Para maiores informa\u00e7\u00f5es de pre\u00e7os, hor\u00e1rios de v\u00f4os e rotas, por favor entrar em contato pelos telefones abaixo.<\/span><\/p>\n<div id=\"div_form\">\n<ul style=\"margin: 0; font-size: 1.3em;\">\n<li style=\"text-align: left;\"><span style=\"font-size: 14pt; color: #ff0000; font-family: arial, helvetica, sans-serif;\"><strong><span style=\"font-size: 16pt;\">Miami Tel. : (786) 467-6503&nbsp;<\/span>&nbsp;<\/strong><\/span><\/li>\n<li style=\"text-align: left;\"><span style=\"font-family: arial, helvetica, sans-serif; font-size: 14pt; color: #000000;\">Hor\u00e1rio de atendimento Miami: de 2 feira a 5 feira das 9:00am as 5:30pm(ET). Nas sextas feiras&nbsp; atendemos em sistema de plant\u00e3o sem hor\u00e1rio definido. S\u00e1bados, Domingos e Feriados estaremos fechados.<\/span><\/li>\n<li style=\"text-align: left;\"><span style=\"color: #000000; font-size: 14pt; font-family: arial, helvetica, sans-serif;\">E-mail: info@newporteticket.com&nbsp; &nbsp;ou&nbsp; newporteticket@hotmail.com&nbsp;<\/span><\/li>\n<\/ul>\n<\/div>\n<div id=\"div_form\">\n<h3>&nbsp;<\/h3>\n<h4 style=\"text-align: left;\"><span style=\"font-size: 20pt; color: #ff0000; font-family: arial, helvetica, sans-serif;\"><span style=\"font-size: 16pt;\">* <\/span><span style=\"font-size: 16pt;\">Trabalhamos com todas as Cias. A\u00e9reas<\/span><\/span><\/h4>\n<\/div>\n<div id=\"skype_c2c_menu_container\" class=\"skype_c2c_menu_container\" style=\"display: none;\">\n<div class=\"skype_c2c_menu_click2call\"><a id=\"skype_c2c_menu_click2call_action\" class=\"skype_c2c_menu_click2call_action\"><\/a>Call<\/div>\n<div class=\"skype_c2c_menu_click2sms\"><a id=\"skype_c2c_menu_click2sms_action\" class=\"skype_c2c_menu_click2sms_action\"><\/a>Send SMS<\/div>\n<div class=\"skype_c2c_menu_add2skype\"><a id=\"skype_c2c_menu_add2skype_text\" class=\"skype_c2c_menu_add2skype_text\"><\/a>Add to Skype<\/div>\n<div class=\"skype_c2c_menu_toll_info\"><span class=\"skype_c2c_menu_toll_callcredit\">You&#8217;ll need Skype Credit<\/span><span class=\"skype_c2c_menu_toll_free\">Free via Skype<\/span><\/div>\n<\/div>\n\n\n<figure class=\"wp-block-gallery has-nested-images columns-4 wp-block-gallery-1 is-layout-flex\">\n<figure class=\"wp-block-image size-large\"><img decoding=\"async\" loading=\"lazy\" width=\"369\" height=\"127\" data-id=\"609\"  src=\"https:\/\/www.newporteticket.com\/wp-content\/uploads\/2020\/05\/1.jpg\" alt=\"\" class=\"wp-image-609\" srcset=\"https:\/\/www.newporteticket.com\/wp-content\/uploads\/2020\/05\/1.jpg 369w, https:\/\/www.newporteticket.com\/wp-content\/uploads\/2020\/05\/1-300x103.jpg 300w\" sizes=\"(max-width: 369px) 100vw, 369px\" \/><\/figure>\n\n\n\n<figure class=\"wp-block-image size-large\"><img decoding=\"async\" loading=\"lazy\" width=\"213\" height=\"94\" data-id=\"611\"  src=\"https:\/\/www.newporteticket.com\/wp-content\/uploads\/2020\/05\/3.jpg\" alt=\"\" class=\"wp-image-611\"\/><\/figure>\n\n\n\n<figure class=\"wp-block-image size-large\"><img decoding=\"async\" loading=\"lazy\" width=\"369\" height=\"140\" data-id=\"610\"  src=\"https:\/\/www.newporteticket.com\/wp-content\/uploads\/2020\/05\/2.jpg\" alt=\"\" class=\"wp-image-610\" srcset=\"https:\/\/www.newporteticket.com\/wp-content\/uploads\/2020\/05\/2.jpg 369w, https:\/\/www.newporteticket.com\/wp-content\/uploads\/2020\/05\/2-300x114.jpg 300w\" sizes=\"(max-width: 369px) 100vw, 369px\" \/><\/figure>\n\n\n\n<figure class=\"wp-block-image size-large\"><img decoding=\"async\" loading=\"lazy\" width=\"293\" height=\"128\" data-id=\"612\"  src=\"https:\/\/www.newporteticket.com\/wp-content\/uploads\/2020\/05\/4.jpg\" alt=\"\" class=\"wp-image-612\"\/><\/figure>\n\n\n\n<figure class=\"wp-block-image size-large\"><img decoding=\"async\" loading=\"lazy\" width=\"378\" height=\"151\" data-id=\"613\"  src=\"https:\/\/www.newporteticket.com\/wp-content\/uploads\/2020\/05\/5.jpg\" alt=\"\" class=\"wp-image-613\" srcset=\"https:\/\/www.newporteticket.com\/wp-content\/uploads\/2020\/05\/5.jpg 378w, https:\/\/www.newporteticket.com\/wp-content\/uploads\/2020\/05\/5-300x120.jpg 300w\" sizes=\"(max-width: 378px) 100vw, 378px\" \/><\/figure>\n\n\n\n<figure class=\"wp-block-image size-large\"><img decoding=\"async\" loading=\"lazy\" width=\"276\" height=\"165\" data-id=\"615\"  src=\"https:\/\/www.newporteticket.com\/wp-content\/uploads\/2020\/05\/7.jpg\" alt=\"\" class=\"wp-image-615\"\/><\/figure>\n\n\n\n<figure class=\"wp-block-image size-large\"><img decoding=\"async\" loading=\"lazy\" width=\"275\" height=\"120\" data-id=\"614\"  src=\"https:\/\/www.newporteticket.com\/wp-content\/uploads\/2020\/05\/6.jpg\" alt=\"\" class=\"wp-image-614\"\/><\/figure>\n<\/figure>\n","protected":false},"excerpt":{"rendered":"<p>&nbsp; A New Porte &nbsp;Travel&nbsp; oferece &nbsp;passagens a\u00e9reas&nbsp; saindo de todas as partes dos USA.&nbsp; Uma refer\u00eancia com sa\u00eddas de Orlando ou Miami para S.Paulo \/Rio s\u00f3 ida a partir de: U$315,00 Ida volta, sa\u00eddas de Miami -Orlando ou Ft. Lauderdele ( FLL) iniciando a partir de:&nbsp; U$499,00. Nota: Regras sao aplicadas conforme datas saidas&hellip; <br \/> <a class=\"read-more\" href=\"https:\/\/www.newporteticket.com\/\">Leia mais<\/a><\/p>\n","protected":false},"author":1,"featured_media":0,"parent":0,"menu_order":0,"comment_status":"closed","ping_status":"closed","template":"","meta":[],"_links":{"self":[{"href":"https:\/\/www.newporteticket.com\/index.php?rest_route=\/wp\/v2\/pages\/5"}],"collection":[{"href":"https:\/\/www.newporteticket.com\/index.php?rest_route=\/wp\/v2\/pages"}],"about":[{"href":"https:\/\/www.newporteticket.com\/index.php?rest_route=\/wp\/v2\/types\/page"}],"author":[{"embeddable":true,"href":"https:\/\/www.newporteticket.com\/index.php?rest_route=\/wp\/v2\/users\/1"}],"replies":[{"embeddable":true,"href":"https:\/\/www.newporteticket.com\/index.php?rest_route=%2Fwp%2Fv2%2Fcomments&post=5"}],"version-history":[{"count":216,"href":"https:\/\/www.newporteticket.com\/index.php?rest_route=\/wp\/v2\/pages\/5\/revisions"}],"predecessor-version":[{"id":847,"href":"https:\/\/www.newporteticket.com\/index.php?rest_route=\/wp\/v2\/pages\/5\/revisions\/847"}],"wp:attachment":[{"href":"https:\/\/www.newporteticket.com\/index.php?rest_route=%2Fwp%2Fv2%2Fmedia&parent=5"}],"curies":[{"name":"wp","href":"https:\/\/api.w.org\/{rel}","templated":true}]}}