{"id":42,"date":"2011-10-18T17:59:54","date_gmt":"2011-10-18T17:59:54","guid":{"rendered":"http:\/\/www.newporteticket.com\/?page_id=42"},"modified":"2023-06-05T14:26:15","modified_gmt":"2023-06-05T14:26:15","slug":"42-2","status":"publish","type":"page","link":"https:\/\/www.newporteticket.com\/?page_id=42","title":{"rendered":"Sobre New Porte Travel"},"content":{"rendered":"<p><a href=\"https:\/\/www.newporteticket.com\/?attachment_id=633\" rel=\"attachment wp-att-633\"><img decoding=\"async\" loading=\"lazy\" class=\"aligncenter  wp-image-633\" src=\"https:\/\/www.newporteticket.com\/wp-content\/uploads\/2020\/05\/LOGO-TRANSP.png\" alt=\"\" width=\"572\" height=\"77\" srcset=\"https:\/\/www.newporteticket.com\/wp-content\/uploads\/2020\/05\/LOGO-TRANSP.png 572w, https:\/\/www.newporteticket.com\/wp-content\/uploads\/2020\/05\/LOGO-TRANSP-300x40.png 300w\" sizes=\"(max-width: 572px) 100vw, 572px\" \/><\/a><\/p>\n<p><span style=\"font-size: 14pt;\"><span style=\"color: #0000ff; font-family: arial, helvetica, sans-serif;\">A<\/span><span style=\"font-family: verdana,geneva;\"><span style=\"color: #0000ff; font-family: arial, helvetica, sans-serif;\"> New Porte Ticket Travel<\/span> <span style=\"font-family: arial, helvetica, sans-serif; color: #000000;\">foi fundada em 2002, est\u00e1<\/span><\/span><span style=\"font-family: arial, helvetica, sans-serif; color: #000000;\"> localizada na cidade de Miami &#8211; FL &#8211; USA,&nbsp;devidamente licenciada pelo Estado da Florida e afiliada a IATA ( International Air Transport Association ). <\/span><\/span><\/p>\n<p><span style=\"color: #000000;\"><span style=\"font-size: 14pt; font-family: arial, helvetica, sans-serif;\">Nesses anos, a New Porte Ticket Travel vem atendendo seus clientes nos Estados Unidos e Brasil, sempre oferecendo os melhores pre\u00e7os em passagens e servi\u00e7os, t<\/span><span style=\"font-size: 14pt; font-family: arial, helvetica, sans-serif;\">rabalhando com as melhores cia a\u00e9reas e fornecedores de servi\u00e7os.<\/span><\/span><\/p>\n<p><span style=\"font-family: arial, helvetica, sans-serif; font-size: 14pt; color: #000000;\"><em>&#8220;Confie sua viagem nas m\u00e3os de uma ag\u00eancia s\u00e9ria e licenciada, que respeita os seus clientes e segue as normas internacionais da avia\u00e7\u00e3o civil.&#8221;<\/em><\/span><\/p>\n<p><span style=\"font-family: arial, helvetica, sans-serif; font-size: 14pt; color: #000000;\">Caso nao consiga contato imediato, por favor deixe seu recado no voice mail retornaremos sua liga\u00e7\u00e3o o mais breve poss\u00edvel. <\/span><\/p>\n<ul>\n<li><span style=\"color: #ff0000;\"><strong>Miami Tel. : (786) 467-6503&nbsp;<\/strong><\/span><\/li>\n<li><span style=\"color: #000000;\">Horario atendimento Miami: de 2 feira a 5 feira das 9:00am as 5:30pm(ET). Nas sextas feiras&nbsp; atendemos em sistema de plant\u00e3o com intervalos. S\u00e1bados, Domingos e Feriados estaremos fechados.<\/span><\/li>\n<li><span style=\"color: #000000;\">E-mail: info@newporteticket.com&nbsp; &nbsp;ou&nbsp; &nbsp; newporteticket@hotmail.com&nbsp;<\/span><\/li>\n<\/ul>\n<p><a href=\"https:\/\/www.newporteticket.com\/?attachment_id=643\" rel=\"attachment wp-att-643\"><br \/>\n<img decoding=\"async\" loading=\"lazy\" class=\"aligncenter  wp-image-643\" src=\"https:\/\/www.newporteticket.com\/wp-content\/uploads\/2020\/05\/id.jpg\" alt=\"\" width=\"376\" height=\"241\" srcset=\"https:\/\/www.newporteticket.com\/wp-content\/uploads\/2020\/05\/id.jpg 622w, https:\/\/www.newporteticket.com\/wp-content\/uploads\/2020\/05\/id-300x192.jpg 300w\" sizes=\"(max-width: 376px) 100vw, 376px\" \/><\/a><\/p>\n<p><a href=\"http:\/\/www.newporteticket.com\/wp-content\/uploads\/2011\/10\/IMG_53571.jpg\"><img decoding=\"async\" loading=\"lazy\" class=\"aligncenter size-full wp-image-514\" src=\"http:\/\/www.newporteticket.com\/wp-content\/uploads\/2011\/10\/IMG_53571.jpg\" alt=\"IMG_5357\" width=\"410\" height=\"531\" srcset=\"https:\/\/www.newporteticket.com\/wp-content\/uploads\/2011\/10\/IMG_53571.jpg 410w, https:\/\/www.newporteticket.com\/wp-content\/uploads\/2011\/10\/IMG_53571-232x300.jpg 232w\" sizes=\"(max-width: 410px) 100vw, 410px\" \/><\/a><\/p>\n<p><span style=\"font-family: arial, helvetica, sans-serif; font-size: 14pt; color: #000000;\">George Halas&nbsp; &#8211; Diretor Presidente&nbsp;&#8211; New Porte Travel&nbsp;<\/span><\/p>\n<p><span style=\"font-family: arial, helvetica, sans-serif; font-size: 14pt; color: #000000;\">Obrigado pela sua visita em nossa p\u00e1gina.<\/span><\/p>\n<p>&nbsp;<\/p>\n","protected":false},"excerpt":{"rendered":"<p>A New Porte Ticket Travel foi fundada em 2002, est\u00e1 localizada na cidade de Miami &#8211; FL &#8211; USA,&nbsp;devidamente licenciada pelo Estado da Florida e afiliada a IATA ( International Air Transport Association ). Nesses anos, a New Porte Ticket Travel vem atendendo seus clientes nos Estados Unidos e Brasil, sempre oferecendo os melhores pre\u00e7os&hellip; <br \/> <a class=\"read-more\" href=\"https:\/\/www.newporteticket.com\/?page_id=42\">Leia mais<\/a><\/p>\n","protected":false},"author":1,"featured_media":508,"parent":0,"menu_order":0,"comment_status":"closed","ping_status":"open","template":"","meta":[],"_links":{"self":[{"href":"https:\/\/www.newporteticket.com\/index.php?rest_route=\/wp\/v2\/pages\/42"}],"collection":[{"href":"https:\/\/www.newporteticket.com\/index.php?rest_route=\/wp\/v2\/pages"}],"about":[{"href":"https:\/\/www.newporteticket.com\/index.php?rest_route=\/wp\/v2\/types\/page"}],"author":[{"embeddable":true,"href":"https:\/\/www.newporteticket.com\/index.php?rest_route=\/wp\/v2\/users\/1"}],"replies":[{"embeddable":true,"href":"https:\/\/www.newporteticket.com\/index.php?rest_route=%2Fwp%2Fv2%2Fcomments&post=42"}],"version-history":[{"count":51,"href":"https:\/\/www.newporteticket.com\/index.php?rest_route=\/wp\/v2\/pages\/42\/revisions"}],"predecessor-version":[{"id":795,"href":"https:\/\/www.newporteticket.com\/index.php?rest_route=\/wp\/v2\/pages\/42\/revisions\/795"}],"wp:featuredmedia":[{"embeddable":true,"href":"https:\/\/www.newporteticket.com\/index.php?rest_route=\/wp\/v2\/media\/508"}],"wp:attachment":[{"href":"https:\/\/www.newporteticket.com\/index.php?rest_route=%2Fwp%2Fv2%2Fmedia&parent=42"}],"curies":[{"name":"wp","href":"https:\/\/api.w.org\/{rel}","templated":true}]}}